{"id":23,"date":"2025-03-20T21:14:57","date_gmt":"2025-03-20T20:14:57","guid":{"rendered":"http:\/\/kljb-butschbach-hesselbach.de\/?page_id=23"},"modified":"2025-09-16T21:33:58","modified_gmt":"2025-09-16T19:33:58","slug":"startseite","status":"publish","type":"page","link":"https:\/\/kljb-butschbach-hesselbach.de\/","title":{"rendered":"KLJB Butschbach-Hesselbach"},"content":{"rendered":"\n<p><\/p>\n\n\n\n<div id=\"about-us\" class=\"wp-block-group has-global-padding is-layout-constrained wp-block-group-is-layout-constrained\">\n<figure class=\"wp-block-image aligncenter size-full\"><img loading=\"lazy\" decoding=\"async\" width=\"512\" height=\"512\" src=\"https:\/\/kljb-butschbach-hesselbach.de\/wp-content\/uploads\/2025\/09\/cropped-KLJB_Favicon.png\" alt=\"\" class=\"wp-image-205\" srcset=\"https:\/\/kljb-butschbach-hesselbach.de\/wp-content\/uploads\/2025\/09\/cropped-KLJB_Favicon.png 512w, https:\/\/kljb-butschbach-hesselbach.de\/wp-content\/uploads\/2025\/09\/cropped-KLJB_Favicon-300x300.png 300w, https:\/\/kljb-butschbach-hesselbach.de\/wp-content\/uploads\/2025\/09\/cropped-KLJB_Favicon-150x150.png 150w\" sizes=\"auto, (max-width: 512px) 100vw, 512px\" \/><\/figure>\n\n\n\n<h2 class=\"wp-block-heading\"><br>\u00dcber uns<\/h2>\n\n\n\n<p>Wir sind die KLJB Butschbach-Hesselbach. Wir sind eine Ortsgruppe der katholischen Landjugendbewegung (KLJB) und geh\u00f6ren zur Erzdioz\u00f6se Freiburg. Wir sind ca. 50 aktive Mitglieder und treffen uns w\u00f6chentlich zu Gruppenstunden und Ausfl\u00fcgen. Im Sommer gehen wir beispielsweise Volleyball spielen oder Eis essen. Im Winter backen wir gerne Pl\u00e4tzchen oder gehen auf den Weihnachtsmarkt. Au\u00dferdem treffen wir uns regelm\u00e4\u00dfig mit anderen Landjugenden. Jedes Fr\u00fchjahr verbringen wir ein Wochenende gemeinsam auf einer H\u00fctte in der Region. Au\u00dferdem machen wir am Anfang der Sommerferien einen viert\u00e4gigen Ausflug, in den letzten Jahren waren wir in den Niederlanden, \u00d6sterreich und Belgien. <\/p>\n\n\n\n<p>Unsere Heimat ist der Landjugendraum in der Maiecklehalle in Hesselbach: <\/p>\n\n\n\n<iframe src=\"https:\/\/www.google.com\/maps\/embed?pb=!1m18!1m12!1m3!1d2584.5789689585295!2d8.0774778!3d48.512440000000005!2m3!1f0!2f0!3f0!3m2!1i1024!2i768!4f13.1!3m3!1m2!1s0x4796d500025067e9%3A0x3c027b1f5166d11!2sKLJB%20Butschbach-Hesselbach!5e1!3m2!1sde!2sde!4v1757545895002!5m2!1sde!2sde\" width=\"100%\" style=\"aspect-ratio:2 \/ 1; border:0;\" allowfullscreen=\"\" loading=\"lazy\" referrerpolicy=\"no-referrer-when-downgrade\"><\/iframe>\n\n\n\n<figure class=\"wp-block-image aligncenter size-large is-resized is-style-rounded is-style-rounded--1\"><img loading=\"lazy\" decoding=\"async\" width=\"1024\" height=\"682\" src=\"https:\/\/kljb-butschbach-hesselbach.de\/wp-content\/uploads\/2025\/09\/c63967c1-fdff-4b7e-829b-df56edc8d6af-2-1024x682.jpeg\" alt=\"\" class=\"wp-image-188\" style=\"width:1027px;height:auto\" srcset=\"https:\/\/kljb-butschbach-hesselbach.de\/wp-content\/uploads\/2025\/09\/c63967c1-fdff-4b7e-829b-df56edc8d6af-2-1024x682.jpeg 1024w, https:\/\/kljb-butschbach-hesselbach.de\/wp-content\/uploads\/2025\/09\/c63967c1-fdff-4b7e-829b-df56edc8d6af-2-300x200.jpeg 300w, https:\/\/kljb-butschbach-hesselbach.de\/wp-content\/uploads\/2025\/09\/c63967c1-fdff-4b7e-829b-df56edc8d6af-2-768x512.jpeg 768w, https:\/\/kljb-butschbach-hesselbach.de\/wp-content\/uploads\/2025\/09\/c63967c1-fdff-4b7e-829b-df56edc8d6af-2-1536x1023.jpeg 1536w, https:\/\/kljb-butschbach-hesselbach.de\/wp-content\/uploads\/2025\/09\/c63967c1-fdff-4b7e-829b-df56edc8d6af-2.jpeg 1600w\" sizes=\"auto, (max-width: 1024px) 100vw, 1024px\" \/><figcaption class=\"wp-element-caption\">Sommerausflug 2025 nach \u00d6sterreich<br><br><\/figcaption><\/figure>\n\n\n\n<figure class=\"wp-block-gallery has-nested-images columns-default is-cropped wp-block-gallery-3 is-layout-flex wp-block-gallery-is-layout-flex\">\n<figure class=\"wp-block-image aligncenter size-large is-style-rounded is-style-rounded--2\"><img loading=\"lazy\" decoding=\"async\" width=\"1024\" height=\"682\" data-id=\"189\" src=\"https:\/\/kljb-butschbach-hesselbach.de\/wp-content\/uploads\/2025\/09\/74c54439-af82-4308-8980-1b57b03a0862-1024x682.jpeg\" alt=\"\" class=\"wp-image-189\" srcset=\"https:\/\/kljb-butschbach-hesselbach.de\/wp-content\/uploads\/2025\/09\/74c54439-af82-4308-8980-1b57b03a0862-1024x682.jpeg 1024w, https:\/\/kljb-butschbach-hesselbach.de\/wp-content\/uploads\/2025\/09\/74c54439-af82-4308-8980-1b57b03a0862-300x200.jpeg 300w, https:\/\/kljb-butschbach-hesselbach.de\/wp-content\/uploads\/2025\/09\/74c54439-af82-4308-8980-1b57b03a0862-768x512.jpeg 768w, https:\/\/kljb-butschbach-hesselbach.de\/wp-content\/uploads\/2025\/09\/74c54439-af82-4308-8980-1b57b03a0862-1536x1023.jpeg 1536w, https:\/\/kljb-butschbach-hesselbach.de\/wp-content\/uploads\/2025\/09\/74c54439-af82-4308-8980-1b57b03a0862.jpeg 1600w\" sizes=\"auto, (max-width: 1024px) 100vw, 1024px\" \/><figcaption class=\"wp-element-caption\">Wanderung um den Riffelsee<\/figcaption><\/figure>\n<\/figure>\n<\/div>\n\n\n\n<div id=\"vorstand\" class=\"wp-block-group has-global-padding is-layout-constrained wp-block-group-is-layout-constrained\">\n<p><\/p>\n\n\n\n<h2 class=\"wp-block-heading\"><br><br><br>Vorstandschaft<br><\/h2>\n\n\n\n<p>Unsere Vorstandschaft besteht aus 8 Mitgliedern. Wir treffen uns ungef\u00e4hr 1 mal im Monat um Gruppenstunden und Veranstaltungen zu planen, vor gro\u00dfen Veranstaltungen, wie zum Beispiel Pfingstfest und Theaterabend, auch h\u00e4ufiger.<br><br>Vorstandschaft 2025:<br>Erste Vorst\u00e4nde: Dominik Waselikowski, Philipp Sturm<br>Zweite Vorst\u00e4nde: Jan Ammann, Anne Vogt<br>Kassierer: Felix Kimmig<br>Schriftf\u00fchrerin: Lilli Frey<br>Beisitzer: Celina Kimmig, Hannah Schmidt<br><br><\/p>\n\n\n\n<figure class=\"wp-block-image aligncenter size-large is-style-rounded is-style-rounded--4\"><img loading=\"lazy\" decoding=\"async\" width=\"1024\" height=\"683\" src=\"http:\/\/kljb-butschbach-hesselbach.de\/wp-content\/uploads\/2025\/09\/DSC03717-1024x683.jpg\" alt=\"\" class=\"wp-image-180\" srcset=\"https:\/\/kljb-butschbach-hesselbach.de\/wp-content\/uploads\/2025\/09\/DSC03717-1024x683.jpg 1024w, https:\/\/kljb-butschbach-hesselbach.de\/wp-content\/uploads\/2025\/09\/DSC03717-300x200.jpg 300w, https:\/\/kljb-butschbach-hesselbach.de\/wp-content\/uploads\/2025\/09\/DSC03717-768x512.jpg 768w, https:\/\/kljb-butschbach-hesselbach.de\/wp-content\/uploads\/2025\/09\/DSC03717-1536x1024.jpg 1536w, https:\/\/kljb-butschbach-hesselbach.de\/wp-content\/uploads\/2025\/09\/DSC03717-2048x1365.jpg 2048w\" sizes=\"auto, (max-width: 1024px) 100vw, 1024px\" \/><figcaption class=\"wp-element-caption\">Vorstandschaft 2025<\/figcaption><\/figure>\n<\/div>\n\n\n\n<div id=\"veranstaltungen\" class=\"wp-block-group has-global-padding is-layout-constrained wp-block-group-is-layout-constrained\">\n<p><\/p>\n<\/div>\n\n\n\n<p><\/p>\n\n\n\n<div id=\"veranstaltungen\" class=\"wp-block-group has-global-padding is-layout-constrained wp-block-group-is-layout-constrained\">\n<h2 class=\"wp-block-heading\"><br><br>Veranstaltungen<br><\/h2>\n\n\n\n<div class=\"wp-block-group has-global-padding is-layout-constrained wp-block-group-is-layout-constrained\">\n<h3 class=\"wp-block-heading\">Seniorennachmittag<\/h3>\n\n\n\n<p>J\u00e4hrlich am 06.01. findet unser Seniorennachmittag statt. Eingeladen sind alle Senioren ab 65 Jahren, die einen gem\u00fctlichen Nachmittag mit uns<br>verbringen m\u00f6chten. F\u00fcr tolle Unterhaltung sorgen die Jungmusiker der Trachtenkapelle Butschbach-Hesselbach und die Jugendgruppe des<br>Laienclubs Butschbach-Hesselbach. Mit unseren selbstgebackenen Kuchen und Kaffee sorgen wir nat\u00fcrlich auch bestens f\u00fcr das leibliche Wohl unserer Besucher.<br><br><\/p>\n\n\n\n<h3 class=\"wp-block-heading\">Theaterabend<\/h3>\n\n\n\n<p>Jedes Jahr am letzten Oktoberwochenende veranstalten wir unsere drei<br>Theaterabende in der Maiecklehalle in Hesselbach. Aufgef\u00fchrt wird ein<br>spannendes und humorvolles St\u00fcck vom Laienclub Butschbach-<br>Hesselbach, der mit viel Engagement und Leidenschaft f\u00fcr tolle<br>Unterhaltung sorgt. Wir sorgen nat\u00fcrlich f\u00fcr ihr leibliches Wohl \u00fcber den<br>gesamten Abend, mit Essen und Getr\u00e4nken. Im Anschluss an das<br>Theaterst\u00fcck k\u00f6nnt ihr euch auf die Verlosung der Tombola mit vielen tollen Preisen freuen.<br><br><\/p>\n<\/div>\n\n\n\n<div class=\"wp-block-group has-global-padding is-layout-constrained wp-block-group-is-layout-constrained\">\n<h3 class=\"wp-block-heading\">Pfingstfest<\/h3>\n\n\n\n<p>Das Pfingstfest ist unsere gr\u00f6\u00dfte Veranstaltung und jedes Jahr wieder ein<br>absolutes Highlight. Es findet immer an den Pfingsttagen -Samstag, Sonntag<br>und Montag- an der Freiluftkegelbahn in Hesselbach statt. Ihr k\u00f6nnt euch auf ein umfangreiches Essens- und Getr\u00e4nkeangebot freuen. Auch an der Bar seid ihr abends bestens versorgt. F\u00fcr die musikalische Unterhaltung sorgen jedes Jahr verschiedene Live-Bands oder ein DJ. Beim Preiskegeln k\u00f6nnt ihr euer Kegeltalent zeigen und tolle Preise gewinnen. Am Montag lohnt es sich unseren selbstgestalteten Gottesdienst zu besuchen und anschlie\u00dfend bei uns Mittag zu essen. Bereits Wochen vor dem Pfingstfest starten die Vorbereitungen wie Gr\u00fcnpflege am Festplatz, Essensplanung oder Buchung der Live-Acts. Feststeht, dass sich der Aufwand jedes Jahr lohnt und wir uns schon auf das n\u00e4chste Pfingstfest freuen. Das Pfingstfest findet an der Freiluftkegelbahn in Hesselbach statt:<br><\/p>\n\n\n\n<iframe src=\"https:\/\/www.google.com\/maps\/embed?pb=!1m18!1m12!1m3!1d2585.044905406841!2d8.066949!3d48.503305!2m3!1f0!2f0!3f0!3m2!1i1024!2i768!4f13.1!3m3!1m2!1s0x4796d51b94ffbb0d%3A0x34dbdcb93e31fbfd!2sFreiluftkegelbahn%20Hesselbach!5e1!3m2!1sde!2sde!4v1757593706252!5m2!1sde!2sde\" width=\"100%\" style=\"aspect-ratio:2 \/ 1; border:0;\" allowfullscreen=\"\" loading=\"lazy\" referrerpolicy=\"no-referrer-when-downgrade\"><\/iframe>\n\n\n\n<figure class=\"wp-block-gallery has-nested-images columns-default is-cropped wp-block-gallery-6 is-layout-flex wp-block-gallery-is-layout-flex\">\n<figure class=\"wp-block-image size-full is-style-rounded is-style-rounded--5\"><img loading=\"lazy\" decoding=\"async\" width=\"807\" height=\"993\" data-id=\"217\" src=\"http:\/\/kljb-butschbach-hesselbach.de\/wp-content\/uploads\/2025\/09\/IMG_3050-1.jpeg\" alt=\"\" class=\"wp-image-217\" srcset=\"https:\/\/kljb-butschbach-hesselbach.de\/wp-content\/uploads\/2025\/09\/IMG_3050-1.jpeg 807w, https:\/\/kljb-butschbach-hesselbach.de\/wp-content\/uploads\/2025\/09\/IMG_3050-1-244x300.jpeg 244w, https:\/\/kljb-butschbach-hesselbach.de\/wp-content\/uploads\/2025\/09\/IMG_3050-1-768x945.jpeg 768w\" sizes=\"auto, (max-width: 807px) 100vw, 807px\" \/><figcaption class=\"wp-element-caption\">Freiluft Kegelbahn, Pfingstfestplatz<\/figcaption><\/figure>\n<\/figure>\n<\/div>\n\n\n\n<div class=\"wp-block-group has-global-padding is-layout-constrained wp-block-group-is-layout-constrained\"><\/div>\n<\/div>\n\n\n\n<p><br><\/p>\n\n\n\n<div id=\"veranstaltungen\" class=\"wp-block-group has-global-padding is-layout-constrained wp-block-group-is-layout-constrained\">\n<div class=\"wp-block-group has-global-padding is-layout-constrained wp-block-group-is-layout-constrained\">\n<h3 class=\"wp-block-heading\"><\/h3>\n<\/div>\n<\/div>\n\n\n\n<div id=\"termine\" class=\"wp-block-group has-global-padding is-layout-constrained wp-block-group-is-layout-constrained\">\n<p><\/p>\n\n\n\n<h2 class=\"wp-block-heading\"><br><br>Aktuelle Termine <\/h2>\n\n\n\n<p>Pfingstfest: 07.06.2025 &#8211; 09.06.2025<br>Theaterabend: 24.10.2025 &#8211; 26.10.2025<br>Seniorennachmittag: 06.01.2026<\/p>\n<\/div>\n\n\n\n<p><br><\/p>\n\n\n\n<div id=\"termine\" class=\"wp-block-group has-global-padding is-layout-constrained wp-block-group-is-layout-constrained\">\n<div class=\"wp-block-columns is-layout-flex wp-container-core-columns-is-layout-28f84493 wp-block-columns-is-layout-flex\">\n<div class=\"wp-block-column is-layout-flow wp-block-column-is-layout-flow\" style=\"flex-basis:66.66%\">\n<h2 class=\"wp-block-heading\">Instagramm<\/h2>\n\n\n\n<p>Aktuelle Infos zu unseren Veranstaltungen und Updates zu unseren Aktionen findet ihr auf unserem Instagrammkanal: <\/p>\n<\/div>\n\n\n\n<div class=\"wp-block-column is-layout-flow wp-block-column-is-layout-flow\" style=\"flex-basis:33.33%\">\n<ul class=\"wp-block-social-links alignleft is-layout-flex wp-block-social-links-is-layout-flex\"><li class=\"wp-social-link wp-social-link-instagram  wp-block-social-link\"><a href=\"https:\/\/www.instagram.com\/kljb.butschbachhesselbach\/\" class=\"wp-block-social-link-anchor\"><svg width=\"24\" height=\"24\" viewBox=\"0 0 24 24\" version=\"1.1\" xmlns=\"http:\/\/www.w3.org\/2000\/svg\" aria-hidden=\"true\" focusable=\"false\"><path d=\"M12,4.622c2.403,0,2.688,0.009,3.637,0.052c0.877,0.04,1.354,0.187,1.671,0.31c0.42,0.163,0.72,0.358,1.035,0.673 c0.315,0.315,0.51,0.615,0.673,1.035c0.123,0.317,0.27,0.794,0.31,1.671c0.043,0.949,0.052,1.234,0.052,3.637 s-0.009,2.688-0.052,3.637c-0.04,0.877-0.187,1.354-0.31,1.671c-0.163,0.42-0.358,0.72-0.673,1.035 c-0.315,0.315-0.615,0.51-1.035,0.673c-0.317,0.123-0.794,0.27-1.671,0.31c-0.949,0.043-1.233,0.052-3.637,0.052 s-2.688-0.009-3.637-0.052c-0.877-0.04-1.354-0.187-1.671-0.31c-0.42-0.163-0.72-0.358-1.035-0.673 c-0.315-0.315-0.51-0.615-0.673-1.035c-0.123-0.317-0.27-0.794-0.31-1.671C4.631,14.688,4.622,14.403,4.622,12 s0.009-2.688,0.052-3.637c0.04-0.877,0.187-1.354,0.31-1.671c0.163-0.42,0.358-0.72,0.673-1.035 c0.315-0.315,0.615-0.51,1.035-0.673c0.317-0.123,0.794-0.27,1.671-0.31C9.312,4.631,9.597,4.622,12,4.622 M12,3 C9.556,3,9.249,3.01,8.289,3.054C7.331,3.098,6.677,3.25,6.105,3.472C5.513,3.702,5.011,4.01,4.511,4.511 c-0.5,0.5-0.808,1.002-1.038,1.594C3.25,6.677,3.098,7.331,3.054,8.289C3.01,9.249,3,9.556,3,12c0,2.444,0.01,2.751,0.054,3.711 c0.044,0.958,0.196,1.612,0.418,2.185c0.23,0.592,0.538,1.094,1.038,1.594c0.5,0.5,1.002,0.808,1.594,1.038 c0.572,0.222,1.227,0.375,2.185,0.418C9.249,20.99,9.556,21,12,21s2.751-0.01,3.711-0.054c0.958-0.044,1.612-0.196,2.185-0.418 c0.592-0.23,1.094-0.538,1.594-1.038c0.5-0.5,0.808-1.002,1.038-1.594c0.222-0.572,0.375-1.227,0.418-2.185 C20.99,14.751,21,14.444,21,12s-0.01-2.751-0.054-3.711c-0.044-0.958-0.196-1.612-0.418-2.185c-0.23-0.592-0.538-1.094-1.038-1.594 c-0.5-0.5-1.002-0.808-1.594-1.038c-0.572-0.222-1.227-0.375-2.185-0.418C14.751,3.01,14.444,3,12,3L12,3z M12,7.378 c-2.552,0-4.622,2.069-4.622,4.622S9.448,16.622,12,16.622s4.622-2.069,4.622-4.622S14.552,7.378,12,7.378z M12,15 c-1.657,0-3-1.343-3-3s1.343-3,3-3s3,1.343,3,3S13.657,15,12,15z M16.804,6.116c-0.596,0-1.08,0.484-1.08,1.08 s0.484,1.08,1.08,1.08c0.596,0,1.08-0.484,1.08-1.08S17.401,6.116,16.804,6.116z\"><\/path><\/svg><span class=\"wp-block-social-link-label screen-reader-text\">Instagramkanal<\/span><\/a><\/li><\/ul>\n<\/div>\n<\/div>\n<\/div>\n\n\n\n<p><br><br><br><br><br><br><br><br><\/p>\n\n\n\n<p><\/p>\n","protected":false},"excerpt":{"rendered":"<p>\u00dcber uns Wir sind die KLJB Butschbach-Hesselbach. Wir sind eine Ortsgruppe der katholischen Landjugendbewegung (KLJB) und geh\u00f6ren zur Erzdioz\u00f6se Freiburg. Wir sind ca. 50 aktive Mitglieder und treffen uns w\u00f6chentlich zu Gruppenstunden und Ausfl\u00fcgen. Im Sommer gehen wir beispielsweise Volleyball spielen oder Eis essen. Im Winter backen wir gerne Pl\u00e4tzchen oder gehen auf den Weihnachtsmarkt. [&hellip;]<\/p>\n","protected":false},"author":1,"featured_media":41,"parent":0,"menu_order":0,"comment_status":"closed","ping_status":"closed","template":"","meta":{"footnotes":""},"class_list":["post-23","page","type-page","status-publish","has-post-thumbnail","hentry"],"_links":{"self":[{"href":"https:\/\/kljb-butschbach-hesselbach.de\/index.php?rest_route=\/wp\/v2\/pages\/23","targetHints":{"allow":["GET"]}}],"collection":[{"href":"https:\/\/kljb-butschbach-hesselbach.de\/index.php?rest_route=\/wp\/v2\/pages"}],"about":[{"href":"https:\/\/kljb-butschbach-hesselbach.de\/index.php?rest_route=\/wp\/v2\/types\/page"}],"author":[{"embeddable":true,"href":"https:\/\/kljb-butschbach-hesselbach.de\/index.php?rest_route=\/wp\/v2\/users\/1"}],"replies":[{"embeddable":true,"href":"https:\/\/kljb-butschbach-hesselbach.de\/index.php?rest_route=%2Fwp%2Fv2%2Fcomments&post=23"}],"version-history":[{"count":9,"href":"https:\/\/kljb-butschbach-hesselbach.de\/index.php?rest_route=\/wp\/v2\/pages\/23\/revisions"}],"predecessor-version":[{"id":262,"href":"https:\/\/kljb-butschbach-hesselbach.de\/index.php?rest_route=\/wp\/v2\/pages\/23\/revisions\/262"}],"wp:featuredmedia":[{"embeddable":true,"href":"https:\/\/kljb-butschbach-hesselbach.de\/index.php?rest_route=\/wp\/v2\/media\/41"}],"wp:attachment":[{"href":"https:\/\/kljb-butschbach-hesselbach.de\/index.php?rest_route=%2Fwp%2Fv2%2Fmedia&parent=23"}],"curies":[{"name":"wp","href":"https:\/\/api.w.org\/{rel}","templated":true}]}}